{"id":64,"date":"2021-08-24T10:38:46","date_gmt":"2021-08-24T13:38:46","guid":{"rendered":"https:\/\/integridad-financiera.com\/?page_id=64"},"modified":"2021-09-15T11:04:47","modified_gmt":"2021-09-15T14:04:47","slug":"quienes-somos","status":"publish","type":"page","link":"https:\/\/integridad-financiera.com\/?page_id=64","title":{"rendered":"\u00bfQui\u00e9nes somos?"},"content":{"rendered":"\t\t<div data-elementor-type=\"wp-page\" data-elementor-id=\"64\" class=\"elementor elementor-64\" data-elementor-settings=\"[]\">\n\t\t\t\t\t\t\t<div class=\"elementor-section-wrap\">\n\t\t\t\t\t\t\t<section class=\"elementor-section elementor-top-section elementor-element elementor-element-77e31fa elementor-section-boxed elementor-section-height-default elementor-section-height-default\" data-id=\"77e31fa\" data-element_type=\"section\">\n\t\t\t\t\t\t<div class=\"elementor-container elementor-column-gap-default\">\n\t\t\t\t\t<div class=\"elementor-column elementor-col-100 elementor-top-column elementor-element elementor-element-030ff37\" data-id=\"030ff37\" data-element_type=\"column\">\n\t\t\t<div class=\"elementor-widget-wrap elementor-element-populated\">\n\t\t\t\t\t\t\t\t<div class=\"elementor-element elementor-element-be78779 elementor-widget-divider--view-line elementor-widget elementor-widget-divider\" data-id=\"be78779\" data-element_type=\"widget\" data-widget_type=\"divider.default\">\n\t\t\t\t<div class=\"elementor-widget-container\">\n\t\t\t\t\t<div class=\"elementor-divider\">\n\t\t\t<span class=\"elementor-divider-separator\">\n\t\t\t\t\t\t<\/span>\n\t\t<\/div>\n\t\t\t\t<\/div>\n\t\t\t\t<\/div>\n\t\t\t\t\t<\/div>\n\t\t<\/div>\n\t\t\t\t\t\t\t<\/div>\n\t\t<\/section>\n\t\t\t\t<section class=\"elementor-section elementor-top-section elementor-element elementor-element-966b842 elementor-section-full_width elementor-section-height-default elementor-section-height-default\" data-id=\"966b842\" data-element_type=\"section\">\n\t\t\t\t\t\t<div class=\"elementor-container elementor-column-gap-default\">\n\t\t\t\t\t<div class=\"elementor-column elementor-col-100 elementor-top-column elementor-element elementor-element-526542f\" data-id=\"526542f\" data-element_type=\"column\">\n\t\t\t<div class=\"elementor-widget-wrap elementor-element-populated\">\n\t\t\t\t\t\t\t\t<div class=\"elementor-element elementor-element-fc97127 elementor-invisible elementor-widget elementor-widget-google_maps\" data-id=\"fc97127\" data-element_type=\"widget\" data-settings=\"{&quot;_animation&quot;:&quot;fadeIn&quot;}\" data-widget_type=\"google_maps.default\">\n\t\t\t\t<div class=\"elementor-widget-container\">\n\t\t\t\t\t<div class=\"elementor-custom-embed\">\n\t\t\t<iframe frameborder=\"0\" scrolling=\"no\" marginheight=\"0\" marginwidth=\"0\"\n\t\t\t\t\tsrc=\"https:\/\/maps.google.com\/maps?q=San%20Lorenzo%20933%2C%20Rosario%2C%20Argentina&#038;t=m&#038;z=17&#038;output=embed&#038;iwloc=near\"\n\t\t\t\t\ttitle=\"San Lorenzo 933, Rosario, Argentina\"\n\t\t\t\t\taria-label=\"San Lorenzo 933, Rosario, Argentina\"\n\t\t\t><\/iframe>\n\t\t<\/div>\n\t\t\t\t<\/div>\n\t\t\t\t<\/div>\n\t\t\t\t<div class=\"elementor-element elementor-element-8ab7c21 elementor-widget-divider--view-line elementor-widget elementor-widget-divider\" data-id=\"8ab7c21\" data-element_type=\"widget\" data-widget_type=\"divider.default\">\n\t\t\t\t<div class=\"elementor-widget-container\">\n\t\t\t\t\t<div class=\"elementor-divider\">\n\t\t\t<span class=\"elementor-divider-separator\">\n\t\t\t\t\t\t<\/span>\n\t\t<\/div>\n\t\t\t\t<\/div>\n\t\t\t\t<\/div>\n\t\t\t\t\t<\/div>\n\t\t<\/div>\n\t\t\t\t\t\t\t<\/div>\n\t\t<\/section>\n\t\t\t\t<section class=\"elementor-section elementor-top-section elementor-element elementor-element-a0f57e8 elementor-section-boxed elementor-section-height-default elementor-section-height-default\" data-id=\"a0f57e8\" data-element_type=\"section\">\n\t\t\t\t\t\t<div class=\"elementor-container elementor-column-gap-default\">\n\t\t\t\t\t<div class=\"elementor-column elementor-col-16 elementor-top-column elementor-element elementor-element-50c326c\" data-id=\"50c326c\" data-element_type=\"column\">\n\t\t\t<div class=\"elementor-widget-wrap elementor-element-populated\">\n\t\t\t\t\t\t\t\t<div class=\"elementor-element elementor-element-8588eda elementor-invisible elementor-widget elementor-widget-image\" data-id=\"8588eda\" data-element_type=\"widget\" data-settings=\"{&quot;_animation&quot;:&quot;fadeIn&quot;}\" data-widget_type=\"image.default\">\n\t\t\t\t<div class=\"elementor-widget-container\">\n\t\t\t\t\t\t\t\t\t\t\t\t\t\t\t<img width=\"150\" height=\"150\" src=\"https:\/\/i2.wp.com\/integridad-financiera.com\/wp-content\/uploads\/2021\/09\/IFLogoColor8.png?resize=150%2C150&amp;ssl=1\" class=\"attachment-thumbnail size-thumbnail\" alt=\"\" loading=\"lazy\" srcset=\"https:\/\/i2.wp.com\/integridad-financiera.com\/wp-content\/uploads\/2021\/09\/IFLogoColor8.png?resize=150%2C150&amp;ssl=1 150w, https:\/\/i2.wp.com\/integridad-financiera.com\/wp-content\/uploads\/2021\/09\/IFLogoColor8.png?zoom=2&amp;resize=150%2C150&amp;ssl=1 300w\" sizes=\"(max-width: 150px) 100vw, 150px\" data-attachment-id=\"112\" data-permalink=\"https:\/\/integridad-financiera.com\/?attachment_id=112\" data-orig-file=\"https:\/\/i2.wp.com\/integridad-financiera.com\/wp-content\/uploads\/2021\/09\/IFLogoColor8.png?fit=325%2C539&amp;ssl=1\" data-orig-size=\"325,539\" data-comments-opened=\"1\" data-image-meta=\"{&quot;aperture&quot;:&quot;0&quot;,&quot;credit&quot;:&quot;&quot;,&quot;camera&quot;:&quot;&quot;,&quot;caption&quot;:&quot;&quot;,&quot;created_timestamp&quot;:&quot;0&quot;,&quot;copyright&quot;:&quot;&quot;,&quot;focal_length&quot;:&quot;0&quot;,&quot;iso&quot;:&quot;0&quot;,&quot;shutter_speed&quot;:&quot;0&quot;,&quot;title&quot;:&quot;&quot;,&quot;orientation&quot;:&quot;0&quot;}\" data-image-title=\"IFLogoColor8\" data-image-description=\"\" data-image-caption=\"\" data-medium-file=\"https:\/\/i2.wp.com\/integridad-financiera.com\/wp-content\/uploads\/2021\/09\/IFLogoColor8.png?fit=181%2C300&amp;ssl=1\" data-large-file=\"https:\/\/i2.wp.com\/integridad-financiera.com\/wp-content\/uploads\/2021\/09\/IFLogoColor8.png?fit=325%2C539&amp;ssl=1\" \/>\t\t\t\t\t\t\t\t\t\t\t\t\t\t\t<\/div>\n\t\t\t\t<\/div>\n\t\t\t\t\t<\/div>\n\t\t<\/div>\n\t\t\t\t<div class=\"elementor-column elementor-col-66 elementor-top-column elementor-element elementor-element-fd8c8e1\" data-id=\"fd8c8e1\" data-element_type=\"column\">\n\t\t\t<div class=\"elementor-widget-wrap elementor-element-populated\">\n\t\t\t\t\t\t\t\t<div class=\"elementor-element elementor-element-efd798f elementor-invisible elementor-widget elementor-widget-heading\" data-id=\"efd798f\" data-element_type=\"widget\" data-settings=\"{&quot;_animation&quot;:&quot;fadeIn&quot;}\" data-widget_type=\"heading.default\">\n\t\t\t\t<div class=\"elementor-widget-container\">\n\t\t\t<h3 class=\"elementor-heading-title elementor-size-medium\">Sobre nosotros:<\/h3>\t\t<\/div>\n\t\t\t\t<\/div>\n\t\t\t\t<div class=\"elementor-element elementor-element-aaf2cad elementor-invisible elementor-widget elementor-widget-text-editor\" data-id=\"aaf2cad\" data-element_type=\"widget\" data-settings=\"{&quot;_animation&quot;:&quot;fadeIn&quot;}\" data-widget_type=\"text-editor.default\">\n\t\t\t\t<div class=\"elementor-widget-container\">\n\t\t\t\t\t\t\t<p>Somos una empresa ubicada estrat\u00e9gicamente en el centro de la ciudad de Rosario, tenemos una importante trayectoria de a\u00f1os de en el rubro,\u00a0 nuestro objetivo es satisfacer las necesidades econ\u00f3micas de nuestros clientes y acompa\u00f1arlos en la realizaci\u00f3n de sus objetivos.<\/p><p>Gestionamos el otorgamiento de cr\u00e9ditos y pr\u00e9stamos, desde trabajadores municipales, empleados provinciales, jubilados y pensionados, en distintas provincias del pa\u00eds. Siempre en busca de la comodidad y la confianza del cliente, adem\u00e1s de un \u00edmpetu a continuar mejorando, realizamos estos servicios en base a m\u00ednimos requisitos solicitados. <\/p>\t\t\t\t\t\t<\/div>\n\t\t\t\t<\/div>\n\t\t\t\t\t<\/div>\n\t\t<\/div>\n\t\t\t\t<div class=\"elementor-column elementor-col-16 elementor-top-column elementor-element elementor-element-ac0f3c0\" data-id=\"ac0f3c0\" data-element_type=\"column\">\n\t\t\t<div class=\"elementor-widget-wrap elementor-element-populated\">\n\t\t\t\t\t\t\t\t<div class=\"elementor-element elementor-element-fde4c0b elementor-widget-divider--view-line elementor-widget elementor-widget-divider\" data-id=\"fde4c0b\" data-element_type=\"widget\" data-widget_type=\"divider.default\">\n\t\t\t\t<div class=\"elementor-widget-container\">\n\t\t\t\t\t<div class=\"elementor-divider\">\n\t\t\t<span class=\"elementor-divider-separator\">\n\t\t\t\t\t\t<\/span>\n\t\t<\/div>\n\t\t\t\t<\/div>\n\t\t\t\t<\/div>\n\t\t\t\t<div class=\"elementor-element elementor-element-93a9a3a elementor-align-center elementor-invisible elementor-widget elementor-widget-button\" data-id=\"93a9a3a\" data-element_type=\"widget\" data-settings=\"{&quot;_animation&quot;:&quot;zoomIn&quot;}\" data-widget_type=\"button.default\">\n\t\t\t\t<div class=\"elementor-widget-container\">\n\t\t\t\t\t<div class=\"elementor-button-wrapper\">\n\t\t\t<a href=\"https:\/\/integridad-financiera.com\/contacto\/\" class=\"elementor-button-link elementor-button elementor-size-sm\" role=\"button\">\n\t\t\t\t\t\t<span class=\"elementor-button-content-wrapper\">\n\t\t\t\t\t\t<span class=\"elementor-button-icon elementor-align-icon-right\">\n\t\t\t\t<i aria-hidden=\"true\" class=\"far fa-comment-dots\"><\/i>\t\t\t<\/span>\n\t\t\t\t\t\t<span class=\"elementor-button-text\">Contactanos<\/span>\n\t\t<\/span>\n\t\t\t\t\t<\/a>\n\t\t<\/div>\n\t\t\t\t<\/div>\n\t\t\t\t<\/div>\n\t\t\t\t\t<\/div>\n\t\t<\/div>\n\t\t\t\t\t\t\t<\/div>\n\t\t<\/section>\n\t\t\t\t<section class=\"elementor-section elementor-top-section elementor-element elementor-element-834d567 elementor-section-boxed elementor-section-height-default elementor-section-height-default\" data-id=\"834d567\" data-element_type=\"section\">\n\t\t\t\t\t\t<div class=\"elementor-container elementor-column-gap-default\">\n\t\t\t\t\t<div class=\"elementor-column elementor-col-100 elementor-top-column elementor-element elementor-element-0e6b6c6\" data-id=\"0e6b6c6\" data-element_type=\"column\">\n\t\t\t<div class=\"elementor-widget-wrap elementor-element-populated\">\n\t\t\t\t\t\t\t\t<div class=\"elementor-element elementor-element-dc19aca elementor-invisible elementor-widget elementor-widget-image\" data-id=\"dc19aca\" data-element_type=\"widget\" data-settings=\"{&quot;_animation&quot;:&quot;zoomIn&quot;}\" data-widget_type=\"image.default\">\n\t\t\t\t<div class=\"elementor-widget-container\">\n\t\t\t\t\t\t\t\t\t\t\t\t\t\t\t<img width=\"300\" height=\"208\" src=\"https:\/\/i2.wp.com\/integridad-financiera.com\/wp-content\/uploads\/2021\/09\/LogoEslogan2.png?fit=300%2C208&amp;ssl=1\" class=\"attachment-medium size-medium\" alt=\"\" loading=\"lazy\" srcset=\"https:\/\/i2.wp.com\/integridad-financiera.com\/wp-content\/uploads\/2021\/09\/LogoEslogan2.png?w=4961&amp;ssl=1 4961w, https:\/\/i2.wp.com\/integridad-financiera.com\/wp-content\/uploads\/2021\/09\/LogoEslogan2.png?resize=300%2C208&amp;ssl=1 300w, https:\/\/i2.wp.com\/integridad-financiera.com\/wp-content\/uploads\/2021\/09\/LogoEslogan2.png?resize=1024%2C710&amp;ssl=1 1024w, https:\/\/i2.wp.com\/integridad-financiera.com\/wp-content\/uploads\/2021\/09\/LogoEslogan2.png?resize=768%2C533&amp;ssl=1 768w, https:\/\/i2.wp.com\/integridad-financiera.com\/wp-content\/uploads\/2021\/09\/LogoEslogan2.png?w=1392&amp;ssl=1 1392w, https:\/\/i2.wp.com\/integridad-financiera.com\/wp-content\/uploads\/2021\/09\/LogoEslogan2.png?w=2088&amp;ssl=1 2088w\" sizes=\"(max-width: 300px) 100vw, 300px\" data-attachment-id=\"176\" data-permalink=\"https:\/\/integridad-financiera.com\/?attachment_id=176\" data-orig-file=\"https:\/\/i2.wp.com\/integridad-financiera.com\/wp-content\/uploads\/2021\/09\/LogoEslogan2.png?fit=4961%2C3440&amp;ssl=1\" data-orig-size=\"4961,3440\" data-comments-opened=\"0\" data-image-meta=\"{&quot;aperture&quot;:&quot;0&quot;,&quot;credit&quot;:&quot;&quot;,&quot;camera&quot;:&quot;&quot;,&quot;caption&quot;:&quot;&quot;,&quot;created_timestamp&quot;:&quot;0&quot;,&quot;copyright&quot;:&quot;&quot;,&quot;focal_length&quot;:&quot;0&quot;,&quot;iso&quot;:&quot;0&quot;,&quot;shutter_speed&quot;:&quot;0&quot;,&quot;title&quot;:&quot;&quot;,&quot;orientation&quot;:&quot;0&quot;}\" data-image-title=\"LogoEslogan2\" data-image-description=\"\" data-image-caption=\"\" data-medium-file=\"https:\/\/i2.wp.com\/integridad-financiera.com\/wp-content\/uploads\/2021\/09\/LogoEslogan2.png?fit=300%2C208&amp;ssl=1\" data-large-file=\"https:\/\/i2.wp.com\/integridad-financiera.com\/wp-content\/uploads\/2021\/09\/LogoEslogan2.png?fit=696%2C483&amp;ssl=1\" \/>\t\t\t\t\t\t\t\t\t\t\t\t\t\t\t<\/div>\n\t\t\t\t<\/div>\n\t\t\t\t\t<\/div>\n\t\t<\/div>\n\t\t\t\t\t\t\t<\/div>\n\t\t<\/section>\n\t\t\t\t<section class=\"elementor-section elementor-top-section elementor-element elementor-element-e12277f elementor-section-boxed elementor-section-height-default elementor-section-height-default\" data-id=\"e12277f\" data-element_type=\"section\">\n\t\t\t\t\t\t<div class=\"elementor-container elementor-column-gap-default\">\n\t\t\t\t\t<div class=\"elementor-column elementor-col-100 elementor-top-column elementor-element elementor-element-ae5deb1\" data-id=\"ae5deb1\" data-element_type=\"column\">\n\t\t\t<div class=\"elementor-widget-wrap elementor-element-populated\">\n\t\t\t\t\t\t\t\t<div class=\"elementor-element elementor-element-0e82408 elementor-widget-divider--view-line elementor-widget elementor-widget-divider\" data-id=\"0e82408\" data-element_type=\"widget\" data-widget_type=\"divider.default\">\n\t\t\t\t<div class=\"elementor-widget-container\">\n\t\t\t\t\t<div class=\"elementor-divider\">\n\t\t\t<span class=\"elementor-divider-separator\">\n\t\t\t\t\t\t<\/span>\n\t\t<\/div>\n\t\t\t\t<\/div>\n\t\t\t\t<\/div>\n\t\t\t\t\t<\/div>\n\t\t<\/div>\n\t\t\t\t\t\t\t<\/div>\n\t\t<\/section>\n\t\t\t\t\t\t<\/div>\n\t\t\t\t\t<\/div>\n\t\t","protected":false},"excerpt":{"rendered":"<p>Sobre nosotros: Somos una empresa ubicada estrat\u00e9gicamente en el centro de la ciudad de Rosario, tenemos una importante trayectoria de a\u00f1os de en el rubro,\u00a0 nuestro objetivo es satisfacer las necesidades econ\u00f3micas de nuestros clientes y acompa\u00f1arlos en la realizaci\u00f3n de sus objetivos. Gestionamos el otorgamiento de cr\u00e9ditos y pr\u00e9stamos, desde trabajadores municipales, empleados provinciales, [&hellip;]<\/p>\n","protected":false},"author":1,"featured_media":0,"parent":0,"menu_order":0,"comment_status":"closed","ping_status":"closed","template":"elementor_header_footer","meta":{"spay_email":""},"yoast_head":"<!-- This site is optimized with the Yoast SEO plugin v17.2 - https:\/\/yoast.com\/wordpress\/plugins\/seo\/ -->\n<title>\u00bfQui\u00e9nes somos? - Integridad Financiera<\/title>\n<meta name=\"robots\" content=\"index, follow, max-snippet:-1, max-image-preview:large, max-video-preview:-1\" \/>\n<link rel=\"canonical\" href=\"https:\/\/integridad-financiera.com\/?page_id=64\" \/>\n<meta property=\"og:locale\" content=\"es_ES\" \/>\n<meta property=\"og:type\" content=\"article\" \/>\n<meta property=\"og:title\" content=\"\u00bfQui\u00e9nes somos? - Integridad Financiera\" \/>\n<meta property=\"og:description\" content=\"Sobre nosotros: Somos una empresa ubicada estrat\u00e9gicamente en el centro de la ciudad de Rosario, tenemos una importante trayectoria de a\u00f1os de en el rubro,\u00a0 nuestro objetivo es satisfacer las necesidades econ\u00f3micas de nuestros clientes y acompa\u00f1arlos en la realizaci\u00f3n de sus objetivos. Gestionamos el otorgamiento de cr\u00e9ditos y pr\u00e9stamos, desde trabajadores municipales, empleados provinciales, [&hellip;]\" \/>\n<meta property=\"og:url\" content=\"https:\/\/integridad-financiera.com\/?page_id=64\" \/>\n<meta property=\"og:site_name\" content=\"Integridad Financiera\" \/>\n<meta property=\"article:modified_time\" content=\"2021-09-15T14:04:47+00:00\" \/>\n<meta property=\"og:image\" content=\"https:\/\/integridad-financiera.com\/wp-content\/uploads\/2021\/09\/IFLogoColor8-150x150.png\" \/>\n<meta name=\"twitter:card\" content=\"summary_large_image\" \/>\n<meta name=\"twitter:label1\" content=\"Tiempo de lectura\" \/>\n\t<meta name=\"twitter:data1\" content=\"1 minuto\" \/>\n<script type=\"application\/ld+json\" class=\"yoast-schema-graph\">{\"@context\":\"https:\/\/schema.org\",\"@graph\":[{\"@type\":\"WebSite\",\"@id\":\"https:\/\/integridad-financiera.com\/#website\",\"url\":\"https:\/\/integridad-financiera.com\/\",\"name\":\"Integridad Financiera\",\"description\":\"Dinero seguro y transparente\",\"potentialAction\":[{\"@type\":\"SearchAction\",\"target\":{\"@type\":\"EntryPoint\",\"urlTemplate\":\"https:\/\/integridad-financiera.com\/?s={search_term_string}\"},\"query-input\":\"required name=search_term_string\"}],\"inLanguage\":\"es\"},{\"@type\":\"ImageObject\",\"@id\":\"https:\/\/integridad-financiera.com\/?page_id=64#primaryimage\",\"inLanguage\":\"es\",\"url\":\"https:\/\/i2.wp.com\/integridad-financiera.com\/wp-content\/uploads\/2021\/09\/IFLogoColor8.png?fit=325%2C539&ssl=1\",\"contentUrl\":\"https:\/\/i2.wp.com\/integridad-financiera.com\/wp-content\/uploads\/2021\/09\/IFLogoColor8.png?fit=325%2C539&ssl=1\",\"width\":325,\"height\":539},{\"@type\":\"WebPage\",\"@id\":\"https:\/\/integridad-financiera.com\/?page_id=64#webpage\",\"url\":\"https:\/\/integridad-financiera.com\/?page_id=64\",\"name\":\"\\u00bfQui\\u00e9nes somos? - Integridad Financiera\",\"isPartOf\":{\"@id\":\"https:\/\/integridad-financiera.com\/#website\"},\"primaryImageOfPage\":{\"@id\":\"https:\/\/integridad-financiera.com\/?page_id=64#primaryimage\"},\"datePublished\":\"2021-08-24T13:38:46+00:00\",\"dateModified\":\"2021-09-15T14:04:47+00:00\",\"breadcrumb\":{\"@id\":\"https:\/\/integridad-financiera.com\/?page_id=64#breadcrumb\"},\"inLanguage\":\"es\",\"potentialAction\":[{\"@type\":\"ReadAction\",\"target\":[\"https:\/\/integridad-financiera.com\/?page_id=64\"]}]},{\"@type\":\"BreadcrumbList\",\"@id\":\"https:\/\/integridad-financiera.com\/?page_id=64#breadcrumb\",\"itemListElement\":[{\"@type\":\"ListItem\",\"position\":1,\"name\":\"Inicio\",\"item\":\"https:\/\/integridad-financiera.com\/\"},{\"@type\":\"ListItem\",\"position\":2,\"name\":\"\\u00bfQui\\u00e9nes somos?\"}]}]}<\/script>\n<!-- \/ Yoast SEO plugin. -->","yoast_head_json":{"title":"\u00bfQui\u00e9nes somos? - Integridad Financiera","robots":{"index":"index","follow":"follow","max-snippet":"max-snippet:-1","max-image-preview":"max-image-preview:large","max-video-preview":"max-video-preview:-1"},"canonical":"https:\/\/integridad-financiera.com\/?page_id=64","og_locale":"es_ES","og_type":"article","og_title":"\u00bfQui\u00e9nes somos? - Integridad Financiera","og_description":"Sobre nosotros: Somos una empresa ubicada estrat\u00e9gicamente en el centro de la ciudad de Rosario, tenemos una importante trayectoria de a\u00f1os de en el rubro,\u00a0 nuestro objetivo es satisfacer las necesidades econ\u00f3micas de nuestros clientes y acompa\u00f1arlos en la realizaci\u00f3n de sus objetivos. Gestionamos el otorgamiento de cr\u00e9ditos y pr\u00e9stamos, desde trabajadores municipales, empleados provinciales, [&hellip;]","og_url":"https:\/\/integridad-financiera.com\/?page_id=64","og_site_name":"Integridad Financiera","article_modified_time":"2021-09-15T14:04:47+00:00","og_image":[{"url":"https:\/\/integridad-financiera.com\/wp-content\/uploads\/2021\/09\/IFLogoColor8-150x150.png"}],"twitter_card":"summary_large_image","twitter_misc":{"Tiempo de lectura":"1 minuto"},"schema":{"@context":"https:\/\/schema.org","@graph":[{"@type":"WebSite","@id":"https:\/\/integridad-financiera.com\/#website","url":"https:\/\/integridad-financiera.com\/","name":"Integridad Financiera","description":"Dinero seguro y transparente","potentialAction":[{"@type":"SearchAction","target":{"@type":"EntryPoint","urlTemplate":"https:\/\/integridad-financiera.com\/?s={search_term_string}"},"query-input":"required name=search_term_string"}],"inLanguage":"es"},{"@type":"ImageObject","@id":"https:\/\/integridad-financiera.com\/?page_id=64#primaryimage","inLanguage":"es","url":"https:\/\/i2.wp.com\/integridad-financiera.com\/wp-content\/uploads\/2021\/09\/IFLogoColor8.png?fit=325%2C539&ssl=1","contentUrl":"https:\/\/i2.wp.com\/integridad-financiera.com\/wp-content\/uploads\/2021\/09\/IFLogoColor8.png?fit=325%2C539&ssl=1","width":325,"height":539},{"@type":"WebPage","@id":"https:\/\/integridad-financiera.com\/?page_id=64#webpage","url":"https:\/\/integridad-financiera.com\/?page_id=64","name":"\u00bfQui\u00e9nes somos? - Integridad Financiera","isPartOf":{"@id":"https:\/\/integridad-financiera.com\/#website"},"primaryImageOfPage":{"@id":"https:\/\/integridad-financiera.com\/?page_id=64#primaryimage"},"datePublished":"2021-08-24T13:38:46+00:00","dateModified":"2021-09-15T14:04:47+00:00","breadcrumb":{"@id":"https:\/\/integridad-financiera.com\/?page_id=64#breadcrumb"},"inLanguage":"es","potentialAction":[{"@type":"ReadAction","target":["https:\/\/integridad-financiera.com\/?page_id=64"]}]},{"@type":"BreadcrumbList","@id":"https:\/\/integridad-financiera.com\/?page_id=64#breadcrumb","itemListElement":[{"@type":"ListItem","position":1,"name":"Inicio","item":"https:\/\/integridad-financiera.com\/"},{"@type":"ListItem","position":2,"name":"\u00bfQui\u00e9nes somos?"}]}]}},"jetpack-related-posts":[],"_links":{"self":[{"href":"https:\/\/integridad-financiera.com\/index.php?rest_route=\/wp\/v2\/pages\/64"}],"collection":[{"href":"https:\/\/integridad-financiera.com\/index.php?rest_route=\/wp\/v2\/pages"}],"about":[{"href":"https:\/\/integridad-financiera.com\/index.php?rest_route=\/wp\/v2\/types\/page"}],"author":[{"embeddable":true,"href":"https:\/\/integridad-financiera.com\/index.php?rest_route=\/wp\/v2\/users\/1"}],"replies":[{"embeddable":true,"href":"https:\/\/integridad-financiera.com\/index.php?rest_route=%2Fwp%2Fv2%2Fcomments&post=64"}],"version-history":[{"count":32,"href":"https:\/\/integridad-financiera.com\/index.php?rest_route=\/wp\/v2\/pages\/64\/revisions"}],"predecessor-version":[{"id":406,"href":"https:\/\/integridad-financiera.com\/index.php?rest_route=\/wp\/v2\/pages\/64\/revisions\/406"}],"wp:attachment":[{"href":"https:\/\/integridad-financiera.com\/index.php?rest_route=%2Fwp%2Fv2%2Fmedia&parent=64"}],"curies":[{"name":"wp","href":"https:\/\/api.w.org\/{rel}","templated":true}]}}